{"id":1661,"date":"2023-09-23T00:00:32","date_gmt":"2023-09-22T22:00:32","guid":{"rendered":"https:\/\/fondationlatsis.org\/the-foundation\/"},"modified":"2024-11-12T17:26:29","modified_gmt":"2024-11-12T16:26:29","slug":"the-foundation","status":"publish","type":"page","link":"https:\/\/fondationlatsis.org\/en\/the-foundation\/","title":{"rendered":"The Foundation"},"content":{"rendered":"\t\t<div data-elementor-type=\"wp-page\" data-elementor-id=\"1661\" class=\"elementor elementor-1661 elementor-506\" data-elementor-post-type=\"page\">\n\t\t\t\t<div class=\"elementor-element elementor-element-0efbe01 e-flex e-con-boxed e-con e-parent\" data-id=\"0efbe01\" data-element_type=\"container\" data-e-type=\"container\" data-settings=\"{&quot;background_background&quot;:&quot;classic&quot;,&quot;jet_parallax_layout_list&quot;:[]}\">\n\t\t\t\t\t<div class=\"e-con-inner\">\n\t\t\t\t<div class=\"elementor-element elementor-element-927941d elementor-widget elementor-widget-heading\" data-id=\"927941d\" data-element_type=\"widget\" data-e-type=\"widget\" data-widget_type=\"heading.default\">\n\t\t\t\t<div class=\"elementor-widget-container\">\n\t\t\t\t\t<h2 class=\"elementor-heading-title elementor-size-default\">The Foundation<\/h2>\t\t\t\t<\/div>\n\t\t\t\t<\/div>\n\t\t\t\t\t<\/div>\n\t\t\t\t<\/div>\n\t\t<div class=\"elementor-element elementor-element-1653af8 e-flex e-con-boxed e-con e-parent\" data-id=\"1653af8\" data-element_type=\"container\" data-e-type=\"container\" data-settings=\"{&quot;jet_parallax_layout_list&quot;:[]}\">\n\t\t\t\t\t<div class=\"e-con-inner\">\n\t\t<div class=\"elementor-element elementor-element-cbcaf00 e-con-full e-flex e-con e-child\" data-id=\"cbcaf00\" data-element_type=\"container\" data-e-type=\"container\" data-settings=\"{&quot;jet_parallax_layout_list&quot;:[]}\">\n\t\t<div class=\"elementor-element elementor-element-d32c096 e-con-full e-flex e-con e-child\" data-id=\"d32c096\" data-element_type=\"container\" data-e-type=\"container\" data-settings=\"{&quot;jet_parallax_layout_list&quot;:[]}\">\n\t\t\t\t<div class=\"elementor-element elementor-element-fb49908 elementor-widget elementor-widget-heading\" data-id=\"fb49908\" data-element_type=\"widget\" data-e-type=\"widget\" data-aos=\"fade-right\" data-aos-delay=\"50\" data-aos-duration=\"1400\" data-widget_type=\"heading.default\">\n\t\t\t\t<div class=\"elementor-widget-container\">\n\t\t\t\t\t<h2 class=\"elementor-heading-title elementor-size-default\">The International Latsis Foundation \nsupports the best of <br class=\"brd\">Swiss Research.<\/h2>\t\t\t\t<\/div>\n\t\t\t\t<\/div>\n\t\t\t\t<\/div>\n\t\t\t\t<\/div>\n\t\t<div class=\"elementor-element elementor-element-75bc7d5 e-con-full e-flex e-con e-child\" data-id=\"75bc7d5\" data-element_type=\"container\" data-e-type=\"container\" data-settings=\"{&quot;jet_parallax_layout_list&quot;:[]}\">\n\t\t\t\t<div class=\"elementor-element elementor-element-6737f1d elementor-widget elementor-widget-text-editor\" data-id=\"6737f1d\" data-element_type=\"widget\" data-e-type=\"widget\" data-widget_type=\"text-editor.default\">\n\t\t\t\t<div class=\"elementor-widget-container\">\n\t\t\t\t\t\t\t\t\t<p><strong>The International Latsis Foundation<\/strong> <br \/>A non-profit institution serving the public good, the Foundation was established in 1975 under the aegis of John S. Latsis in recognition of the welcome he and his family received in Switzerland. It was initially based in Fribourg from 1975 to 1990, and moved to Geneva thereafter.  His son Spiro J. Latsis suggested that the foundation should become a means of rewarding scientific research in all fields. The humanities, social sciences, philosophy, economics, anthropology and linguistics, which are often less favoured, were therefore included in the scope of the International Latsis Foundation from the start. From 1975 to 1983, the project was fine-tuned by forging links with some of the most innovative institutions of higher education and universities in Switzerland. The contacts formed over the early years established the basis of what was to become today\u2019s institution.<\/p>\n<p>By 1983, the concept was up and running. It focused on two areas: awarding prizes to exceptional researchers below the age of forty, and providing financial support for the organisation of two annual symposia, one at the \u00c9cole Polytechnique F\u00e9d\u00e9rale de Zurich (ETHZ) and the other at the \u00c9cole Polytechnique F\u00e9d\u00e9rale de Lausanne (EPFL).<\/p>\n\t\t\t\t\t\t\t\t<\/div>\n\t\t\t\t<\/div>\n\t\t\t\t<div class=\"elementor-element elementor-element-303dc1a elementor-widget elementor-widget-text-editor\" data-id=\"303dc1a\" data-element_type=\"widget\" data-e-type=\"widget\" data-widget_type=\"text-editor.default\">\n\t\t\t\t<div class=\"elementor-widget-container\">\n\t\t\t\t\t\t\t\t\t<p>The Foundation operates without sponsors or fundraising campaigns, on the basis of funds donated by John S. Latsis. Thanks to him and his successors, this recognition of the laureates\u2019 personal determination and extraordinary performance has encouraged many researchers to build their careers in research and academia. <\/p>\n\t\t\t\t\t\t\t\t<\/div>\n\t\t\t\t<\/div>\n\t\t\t\t<\/div>\n\t\t\t\t\t<\/div>\n\t\t\t\t<\/div>\n\t\t<div class=\"elementor-element elementor-element-478b9ec e-flex e-con-boxed e-con e-parent\" data-id=\"478b9ec\" data-element_type=\"container\" data-e-type=\"container\" data-settings=\"{&quot;jet_parallax_layout_list&quot;:[]}\">\n\t\t\t\t\t<div class=\"e-con-inner\">\n\t\t\t\t<div class=\"elementor-element elementor-element-cfde9c8 elementor-pagination-position-outside elementor-widget elementor-widget-image-carousel\" data-id=\"cfde9c8\" data-element_type=\"widget\" data-e-type=\"widget\" data-settings=\"{&quot;slides_to_show&quot;:&quot;1&quot;,&quot;navigation&quot;:&quot;dots&quot;,&quot;lazyload&quot;:&quot;yes&quot;,&quot;autoplay&quot;:&quot;yes&quot;,&quot;pause_on_hover&quot;:&quot;yes&quot;,&quot;pause_on_interaction&quot;:&quot;yes&quot;,&quot;autoplay_speed&quot;:5000,&quot;infinite&quot;:&quot;yes&quot;,&quot;effect&quot;:&quot;slide&quot;,&quot;speed&quot;:500}\" data-aos=\"fade-up\" data-aos-delay=\"50\" data-aos-duration=\"1400\" data-widget_type=\"image-carousel.default\">\n\t\t\t\t<div class=\"elementor-widget-container\">\n\t\t\t\t\t\t\t<div class=\"elementor-image-carousel-wrapper swiper\" role=\"region\" aria-roledescription=\"carousel\" aria-label=\"Image Carousel\" dir=\"ltr\">\n\t\t\t<div class=\"elementor-image-carousel swiper-wrapper\" aria-live=\"off\">\n\t\t\t\t\t\t\t\t<div class=\"swiper-slide\" role=\"group\" aria-roledescription=\"slide\" aria-label=\"1 of 8\"><figure class=\"swiper-slide-inner\"><img class=\"swiper-slide-image swiper-lazy\" data-src=\"https:\/\/fondationlatsis.org\/wp-content\/uploads\/2023\/09\/EPFL_baptiste_gousset.jpg\" alt=\"EPFL_baptiste_gousset\" \/><div class=\"swiper-lazy-preloader\"><\/div><\/figure><\/div><div class=\"swiper-slide\" role=\"group\" aria-roledescription=\"slide\" aria-label=\"2 of 8\"><figure class=\"swiper-slide-inner\"><img class=\"swiper-slide-image swiper-lazy\" data-src=\"https:\/\/fondationlatsis.org\/wp-content\/uploads\/2023\/12\/CS_20231113_Unige_CeremoniePrixLatsis2023-51R-1.webp\" alt=\"CS_20231113_Unige_CeremoniePrixLatsis2023-(51)R-1\" \/><div class=\"swiper-lazy-preloader\"><\/div><\/figure><\/div><div class=\"swiper-slide\" role=\"group\" aria-roledescription=\"slide\" aria-label=\"3 of 8\"><figure class=\"swiper-slide-inner\"><img class=\"swiper-slide-image swiper-lazy\" data-src=\"https:\/\/fondationlatsis.org\/wp-content\/uploads\/2023\/12\/CS_20231113_Unige_CeremoniePrixLatsis2023-7R-1.webp\" alt=\"CS_20231113_Unige_CeremoniePrixLatsis2023-(7)R-1\" \/><div class=\"swiper-lazy-preloader\"><\/div><\/figure><\/div><div class=\"swiper-slide\" role=\"group\" aria-roledescription=\"slide\" aria-label=\"4 of 8\"><figure class=\"swiper-slide-inner\"><img class=\"swiper-slide-image swiper-lazy\" data-src=\"https:\/\/fondationlatsis.org\/wp-content\/uploads\/2023\/12\/CS_20231113_Unige_CeremoniePrixLatsis2023-2R-1.webp\" alt=\"CS_20231113_Unige_CeremoniePrixLatsis2023-(2)R-1\" \/><div class=\"swiper-lazy-preloader\"><\/div><\/figure><\/div><div class=\"swiper-slide\" role=\"group\" aria-roledescription=\"slide\" aria-label=\"5 of 8\"><figure class=\"swiper-slide-inner\"><img class=\"swiper-slide-image swiper-lazy\" data-src=\"https:\/\/fondationlatsis.org\/wp-content\/uploads\/2023\/12\/CS_20231113_Unige_CeremoniePrixLatsis2023-25R-1.webp\" alt=\"CS_20231113_Unige_CeremoniePrixLatsis2023-(25)R-1\" \/><div class=\"swiper-lazy-preloader\"><\/div><\/figure><\/div><div class=\"swiper-slide\" role=\"group\" aria-roledescription=\"slide\" aria-label=\"6 of 8\"><figure class=\"swiper-slide-inner\"><img class=\"swiper-slide-image swiper-lazy\" data-src=\"https:\/\/fondationlatsis.org\/wp-content\/uploads\/2023\/10\/FL_Haut_LaFondation_003-1.jpg\" alt=\"FL_Top_TheFoundation_003 (1)\" \/><div class=\"swiper-lazy-preloader\"><\/div><\/figure><\/div><div class=\"swiper-slide\" role=\"group\" aria-roledescription=\"slide\" aria-label=\"7 of 8\"><figure class=\"swiper-slide-inner\"><img class=\"swiper-slide-image swiper-lazy\" data-src=\"https:\/\/fondationlatsis.org\/wp-content\/uploads\/2023\/11\/CS_20181009_UNIGE_PrixLatsis2018-38R-1.jpg\" alt=\"CS_20181009_UNIGE_PrixLatsis2018-(38)R-1\" \/><div class=\"swiper-lazy-preloader\"><\/div><\/figure><\/div><div class=\"swiper-slide\" role=\"group\" aria-roledescription=\"slide\" aria-label=\"8 of 8\"><figure class=\"swiper-slide-inner\"><img class=\"swiper-slide-image swiper-lazy\" data-src=\"https:\/\/fondationlatsis.org\/wp-content\/uploads\/2023\/11\/WISSENSCHAFTSPREISE_13A7825-1.jpg\" alt=\"SCIENCE_PRIZES_13A7825-1\" \/><div class=\"swiper-lazy-preloader\"><\/div><\/figure><\/div>\t\t\t<\/div>\n\t\t\t\t\t\t\t\n\t\t\t\t\t\t\t\t\t<div class=\"swiper-pagination\"><\/div>\n\t\t\t\t\t\t\t\t\t<\/div>\n\t\t\t\t\t\t<\/div>\n\t\t\t\t<\/div>\n\t\t\t\t\t<\/div>\n\t\t\t\t<\/div>\n\t\t<div class=\"elementor-element elementor-element-a4364f1 e-flex e-con-boxed e-con e-parent\" data-id=\"a4364f1\" data-element_type=\"container\" data-e-type=\"container\" data-settings=\"{&quot;jet_parallax_layout_list&quot;:[]}\">\n\t\t\t\t\t<div class=\"e-con-inner\">\n\t\t<div class=\"elementor-element elementor-element-ce00a70 e-con-full e-flex e-con e-child\" data-id=\"ce00a70\" data-element_type=\"container\" data-e-type=\"container\" data-settings=\"{&quot;jet_parallax_layout_list&quot;:[]}\">\n\t\t<div class=\"elementor-element elementor-element-00e100d e-con-full e-flex e-con e-child\" data-id=\"00e100d\" data-element_type=\"container\" data-e-type=\"container\" data-settings=\"{&quot;jet_parallax_layout_list&quot;:[]}\">\n\t\t\t\t<div class=\"elementor-element elementor-element-5d436b2 elementor-widget elementor-widget-heading\" data-id=\"5d436b2\" data-element_type=\"widget\" data-e-type=\"widget\" data-aos=\"fade-right\" data-aos-delay=\"50\" data-aos-duration=\"1400\" data-widget_type=\"heading.default\">\n\t\t\t\t<div class=\"elementor-widget-container\">\n\t\t\t\t\t<h2 class=\"elementor-heading-title elementor-size-default\">The Latsis Prizes<\/h2>\t\t\t\t<\/div>\n\t\t\t\t<\/div>\n\t\t\t\t<\/div>\n\t\t\t\t<\/div>\n\t\t<div class=\"elementor-element elementor-element-d582931 e-con-full e-flex e-con e-child\" data-id=\"d582931\" data-element_type=\"container\" data-e-type=\"container\" data-settings=\"{&quot;jet_parallax_layout_list&quot;:[]}\">\n\t\t\t\t<div class=\"elementor-element elementor-element-0ddc8b0 elementor-widget elementor-widget-text-editor\" data-id=\"0ddc8b0\" data-element_type=\"widget\" data-e-type=\"widget\" data-widget_type=\"text-editor.default\">\n\t\t\t\t<div class=\"elementor-widget-container\">\n\t\t\t\t\t\t\t\t\t<p><strong>The Latsis University Prizes<br \/><\/strong>Every year, the four Latsis University Prizes of <span class=\"no-wrap\">CHF 25,000<\/span> each are awarded individually by four universities (the Universities of Geneva and St. Gallen, the \u00c9cole Polytechnique F\u00e9d\u00e9rale de Zurich (ETHZ) and the \u00c9cole Polytechnique F\u00e9d\u00e9rale de Lausanne (EPFL) on the occasion of their respective Dies Academicus\u2019. The applications are submitted directly to the research commissions of these institutions which, after a rigorous selection process, select the winners.  The Latsis University Prizes are a powerful vehicle for both professional and public recognition, providing international visibility to the winners.<\/p>\n<p>Since 1994, the Latsis Prize ceremony has been held at the University of Geneva. It brings together the four prize-winners to honour them, introduce them to the public, and present them with a gift as a souvenir of the event. It is followed by a keynote address by some of the leading figures in contemporary society. Over the years, speakers have included Professor Georges Charpak, Mr Jacques Delors, Ms Carla Del Ponte, Ms Ariana Huffington and President Val\u00e9ry Giscard d\u2019Estaing, to name a few. <\/p>\n\t\t\t\t\t\t\t\t<\/div>\n\t\t\t\t<\/div>\n\t\t\t\t<div class=\"elementor-element elementor-element-0ae9e99 elementor-icon-list--layout-traditional elementor-list-item-link-full_width elementor-widget elementor-widget-icon-list\" data-id=\"0ae9e99\" data-element_type=\"widget\" data-e-type=\"widget\" data-aos=\"fade-up\" data-aos-delay=\"50\" data-aos-duration=\"1400\" data-widget_type=\"icon-list.default\">\n\t\t\t\t<div class=\"elementor-widget-container\">\n\t\t\t\t\t\t\t<ul class=\"elementor-icon-list-items\">\n\t\t\t\t\t\t\t<li class=\"elementor-icon-list-item\">\n\t\t\t\t\t\t\t\t\t\t\t<a href=\"https:\/\/fondationlatsis.org\/en\/keynote-speakers\/\">\n\n\t\t\t\t\t\t\t\t\t\t\t\t<span class=\"elementor-icon-list-icon\">\n\t\t\t\t\t\t\t<svg xmlns=\"http:\/\/www.w3.org\/2000\/svg\" data-name=\"Calque 2\" viewBox=\"0 0 31 31\"><circle cx=\"15.5\" cy=\"15.5\" r=\"15\"><\/circle><path fill=\"none\" stroke=\"#fff\" stroke-miterlimit=\"10\" d=\"m17.01 7.79 7.71 7.71-7.71 7.71m7.71-7.71H6.28\"><\/path><\/svg>\t\t\t\t\t\t<\/span>\n\t\t\t\t\t\t\t\t\t\t<span class=\"elementor-icon-list-text\">VIEW THE SPEAKERS<\/span>\n\t\t\t\t\t\t\t\t\t\t\t<\/a>\n\t\t\t\t\t\t\t\t\t<\/li>\n\t\t\t\t\t\t<\/ul>\n\t\t\t\t\t\t<\/div>\n\t\t\t\t<\/div>\n\t\t\t\t<div class=\"elementor-element elementor-element-c80e523 elementor-widget elementor-widget-text-editor\" data-id=\"c80e523\" data-element_type=\"widget\" data-e-type=\"widget\" data-widget_type=\"text-editor.default\">\n\t\t\t\t<div class=\"elementor-widget-container\">\n\t\t\t\t\t\t\t\t\t<p><strong>The European Latsis Prize<br \/><\/strong>For thirteen years, the Foundation awarded the European Latsis Prize worth CHF 100\u2019000, until the European Science Foundation in Strasbourg was dissolved in 2013. This prize has served as an important stepping stone for scientific and academic careers.<\/p>\n\t\t\t\t\t\t\t\t<\/div>\n\t\t\t\t<\/div>\n\t\t\t\t<div class=\"elementor-element elementor-element-3934a1a elementor-icon-list--layout-traditional elementor-list-item-link-full_width elementor-widget elementor-widget-icon-list\" data-id=\"3934a1a\" data-element_type=\"widget\" data-e-type=\"widget\" data-aos=\"fade-up\" data-aos-delay=\"50\" data-aos-duration=\"1400\" data-widget_type=\"icon-list.default\">\n\t\t\t\t<div class=\"elementor-widget-container\">\n\t\t\t\t\t\t\t<ul class=\"elementor-icon-list-items\">\n\t\t\t\t\t\t\t<li class=\"elementor-icon-list-item\">\n\t\t\t\t\t\t\t\t\t\t\t<a href=\"https:\/\/fondationlatsis.org\/en\/latsis-european-prize\/\">\n\n\t\t\t\t\t\t\t\t\t\t\t\t<span class=\"elementor-icon-list-icon\">\n\t\t\t\t\t\t\t<svg xmlns=\"http:\/\/www.w3.org\/2000\/svg\" data-name=\"Calque 2\" viewBox=\"0 0 31 31\"><circle cx=\"15.5\" cy=\"15.5\" r=\"15\"><\/circle><path fill=\"none\" stroke=\"#fff\" stroke-miterlimit=\"10\" d=\"m17.01 7.79 7.71 7.71-7.71 7.71m7.71-7.71H6.28\"><\/path><\/svg>\t\t\t\t\t\t<\/span>\n\t\t\t\t\t\t\t\t\t\t<span class=\"elementor-icon-list-text\">VIEW THE LATSIS EUROPEAN PRIZES<\/span>\n\t\t\t\t\t\t\t\t\t\t\t<\/a>\n\t\t\t\t\t\t\t\t\t<\/li>\n\t\t\t\t\t\t<\/ul>\n\t\t\t\t\t\t<\/div>\n\t\t\t\t<\/div>\n\t\t\t\t<div class=\"elementor-element elementor-element-257dcf4 elementor-widget elementor-widget-text-editor\" data-id=\"257dcf4\" data-element_type=\"widget\" data-e-type=\"widget\" data-widget_type=\"text-editor.default\">\n\t\t\t\t<div class=\"elementor-widget-container\">\n\t\t\t\t\t\t\t\t\t<p><strong>The \u201dPrix Latsis National\u201d becomes the \u00ab Prix Scientifique Suisse Latsis \u00bb<br \/><\/strong>Created in 1984, the Prix Latsis National (National Latsis Prize), now known as the \u201cPrix Scientifique Suisse Latsis\u201d, is awarded by the Research Council of the Swiss National Science Foundation. Since 2020, this prestigious prize of CHF 100,000 has been awarded at a joint ceremony with the Marcel Benoist Foundation, which honours researchers of all ages.  <\/p>\n\t\t\t\t\t\t\t\t<\/div>\n\t\t\t\t<\/div>\n\t\t\t\t<div class=\"elementor-element elementor-element-e301c29 elementor-icon-list--layout-traditional elementor-list-item-link-full_width elementor-widget elementor-widget-icon-list\" data-id=\"e301c29\" data-element_type=\"widget\" data-e-type=\"widget\" data-aos=\"fade-up\" data-aos-delay=\"50\" data-aos-duration=\"1400\" data-widget_type=\"icon-list.default\">\n\t\t\t\t<div class=\"elementor-widget-container\">\n\t\t\t\t\t\t\t<ul class=\"elementor-icon-list-items\">\n\t\t\t\t\t\t\t<li class=\"elementor-icon-list-item\">\n\t\t\t\t\t\t\t\t\t\t\t<a href=\"https:\/\/www.snf.ch\" target=\"_blank\" rel=\"nofollow\">\n\n\t\t\t\t\t\t\t\t\t\t\t\t<span class=\"elementor-icon-list-icon\">\n\t\t\t\t\t\t\t<svg xmlns=\"http:\/\/www.w3.org\/2000\/svg\" data-name=\"Calque 2\" viewBox=\"0 0 31 31\"><circle cx=\"15.5\" cy=\"15.5\" r=\"15\"><\/circle><path fill=\"none\" stroke=\"#fff\" stroke-miterlimit=\"10\" d=\"m17.01 7.79 7.71 7.71-7.71 7.71m7.71-7.71H6.28\"><\/path><\/svg>\t\t\t\t\t\t<\/span>\n\t\t\t\t\t\t\t\t\t\t<span class=\"elementor-icon-list-text\">VIEW THE SNSF WEBSITE<\/span>\n\t\t\t\t\t\t\t\t\t\t\t<\/a>\n\t\t\t\t\t\t\t\t\t<\/li>\n\t\t\t\t\t\t<\/ul>\n\t\t\t\t\t\t<\/div>\n\t\t\t\t<\/div>\n\t\t\t\t<div class=\"elementor-element elementor-element-e975955 elementor-icon-list--layout-traditional elementor-list-item-link-full_width elementor-widget elementor-widget-icon-list\" data-id=\"e975955\" data-element_type=\"widget\" data-e-type=\"widget\" data-aos=\"fade-up\" data-aos-delay=\"50\" data-aos-duration=\"1400\" data-widget_type=\"icon-list.default\">\n\t\t\t\t<div class=\"elementor-widget-container\">\n\t\t\t\t\t\t\t<ul class=\"elementor-icon-list-items\">\n\t\t\t\t\t\t\t<li class=\"elementor-icon-list-item\">\n\t\t\t\t\t\t\t\t\t\t\t<a href=\"https:\/\/marcel-benoist.ch\" target=\"_blank\" rel=\"nofollow\">\n\n\t\t\t\t\t\t\t\t\t\t\t\t<span class=\"elementor-icon-list-icon\">\n\t\t\t\t\t\t\t<svg xmlns=\"http:\/\/www.w3.org\/2000\/svg\" data-name=\"Calque 2\" viewBox=\"0 0 31 31\"><circle cx=\"15.5\" cy=\"15.5\" r=\"15\"><\/circle><path fill=\"none\" stroke=\"#fff\" stroke-miterlimit=\"10\" d=\"m17.01 7.79 7.71 7.71-7.71 7.71m7.71-7.71H6.28\"><\/path><\/svg>\t\t\t\t\t\t<\/span>\n\t\t\t\t\t\t\t\t\t\t<span class=\"elementor-icon-list-text\">VIEW THE MARCEL BENOIST FOUNDATION WEBSITE<\/span>\n\t\t\t\t\t\t\t\t\t\t\t<\/a>\n\t\t\t\t\t\t\t\t\t<\/li>\n\t\t\t\t\t\t<\/ul>\n\t\t\t\t\t\t<\/div>\n\t\t\t\t<\/div>\n\t\t\t\t<\/div>\n\t\t\t\t\t<\/div>\n\t\t\t\t<\/div>\n\t\t<div class=\"elementor-element elementor-element-98b975d e-flex e-con-boxed e-con e-parent\" data-id=\"98b975d\" data-element_type=\"container\" data-e-type=\"container\" data-settings=\"{&quot;jet_parallax_layout_list&quot;:[]}\">\n\t\t\t\t\t<div class=\"e-con-inner\">\n\t\t\t\t<div class=\"elementor-element elementor-element-d02ed5b elementor-pagination-position-outside elementor-widget elementor-widget-image-carousel\" data-id=\"d02ed5b\" data-element_type=\"widget\" data-e-type=\"widget\" data-settings=\"{&quot;slides_to_show&quot;:&quot;1&quot;,&quot;navigation&quot;:&quot;dots&quot;,&quot;lazyload&quot;:&quot;yes&quot;,&quot;autoplay&quot;:&quot;yes&quot;,&quot;pause_on_hover&quot;:&quot;yes&quot;,&quot;pause_on_interaction&quot;:&quot;yes&quot;,&quot;autoplay_speed&quot;:5000,&quot;infinite&quot;:&quot;yes&quot;,&quot;effect&quot;:&quot;slide&quot;,&quot;speed&quot;:500}\" data-aos=\"fade-up\" data-aos-delay=\"50\" data-aos-duration=\"1400\" data-widget_type=\"image-carousel.default\">\n\t\t\t\t<div class=\"elementor-widget-container\">\n\t\t\t\t\t\t\t<div class=\"elementor-image-carousel-wrapper swiper\" role=\"region\" aria-roledescription=\"carousel\" aria-label=\"Image Carousel\" dir=\"ltr\">\n\t\t\t<div class=\"elementor-image-carousel swiper-wrapper\" aria-live=\"off\">\n\t\t\t\t\t\t\t\t<div class=\"swiper-slide\" role=\"group\" aria-roledescription=\"slide\" aria-label=\"1 of 8\"><figure class=\"swiper-slide-inner\"><img class=\"swiper-slide-image swiper-lazy\" data-src=\"https:\/\/fondationlatsis.org\/wp-content\/uploads\/2023\/11\/WISSENSCHAFTSPREISE_13A7895-2-1.jpg\" alt=\"SCIENCE_PRIZES_13A7895-2 (1)\" \/><div class=\"swiper-lazy-preloader\"><\/div><\/figure><\/div><div class=\"swiper-slide\" role=\"group\" aria-roledescription=\"slide\" aria-label=\"2 of 8\"><figure class=\"swiper-slide-inner\"><img class=\"swiper-slide-image swiper-lazy\" data-src=\"https:\/\/fondationlatsis.org\/wp-content\/uploads\/2023\/12\/CS_20231113_Unige_CeremoniePrixLatsis2023-24R-1.webp\" alt=\"CS_20231113_Unige_CeremoniePrixLatsis2023-(24)R-1\" \/><div class=\"swiper-lazy-preloader\"><\/div><\/figure><\/div><div class=\"swiper-slide\" role=\"group\" aria-roledescription=\"slide\" aria-label=\"3 of 8\"><figure class=\"swiper-slide-inner\"><img class=\"swiper-slide-image swiper-lazy\" data-src=\"https:\/\/fondationlatsis.org\/wp-content\/uploads\/2024\/11\/DSC4906-1-scaled.jpg\" alt=\"\" \/><div class=\"swiper-lazy-preloader\"><\/div><\/figure><\/div><div class=\"swiper-slide\" role=\"group\" aria-roledescription=\"slide\" aria-label=\"4 of 8\"><figure class=\"swiper-slide-inner\"><img class=\"swiper-slide-image swiper-lazy\" data-src=\"https:\/\/fondationlatsis.org\/wp-content\/uploads\/2023\/12\/CS_20231113_Unige_CeremoniePrixLatsis2023-44R-1.webp\" alt=\"CS_20231113_Unige_CeremoniePrixLatsis2023-(44)R-1\" \/><div class=\"swiper-lazy-preloader\"><\/div><\/figure><\/div><div class=\"swiper-slide\" role=\"group\" aria-roledescription=\"slide\" aria-label=\"5 of 8\"><figure class=\"swiper-slide-inner\"><img class=\"swiper-slide-image swiper-lazy\" data-src=\"https:\/\/fondationlatsis.org\/wp-content\/uploads\/2023\/12\/CS_20231113_Unige_CeremoniePrixLatsis2023-50R-1.webp\" alt=\"CS_20231113_Unige_CeremoniePrixLatsis2023-(50)R-1\" \/><div class=\"swiper-lazy-preloader\"><\/div><\/figure><\/div><div class=\"swiper-slide\" role=\"group\" aria-roledescription=\"slide\" aria-label=\"6 of 8\"><figure class=\"swiper-slide-inner\"><img class=\"swiper-slide-image swiper-lazy\" data-src=\"https:\/\/fondationlatsis.org\/wp-content\/uploads\/2023\/10\/FL_Bas_LaFondation_002-1.jpg\" alt=\"FL_Bottom_TheFoundation_002 (1)\" \/><div class=\"swiper-lazy-preloader\"><\/div><\/figure><\/div><div class=\"swiper-slide\" role=\"group\" aria-roledescription=\"slide\" aria-label=\"7 of 8\"><figure class=\"swiper-slide-inner\"><img class=\"swiper-slide-image swiper-lazy\" data-src=\"https:\/\/fondationlatsis.org\/wp-content\/uploads\/2023\/11\/WISSENSCHAFTSPREISE_13A8320-HR-1.jpg\" alt=\"SCIENCE_PRIZES_13A8320-HR-1\" \/><div class=\"swiper-lazy-preloader\"><\/div><\/figure><\/div><div class=\"swiper-slide\" role=\"group\" aria-roledescription=\"slide\" aria-label=\"8 of 8\"><figure class=\"swiper-slide-inner\"><img class=\"swiper-slide-image swiper-lazy\" data-src=\"https:\/\/fondationlatsis.org\/wp-content\/uploads\/2023\/11\/WISSENSCHAFTSPREISE_13A8126-HR-1.jpg\" alt=\"SCIENCE_PRIZES_13A8126-HR-1\" \/><div class=\"swiper-lazy-preloader\"><\/div><\/figure><\/div>\t\t\t<\/div>\n\t\t\t\t\t\t\t\n\t\t\t\t\t\t\t\t\t<div class=\"swiper-pagination\"><\/div>\n\t\t\t\t\t\t\t\t\t<\/div>\n\t\t\t\t\t\t<\/div>\n\t\t\t\t<\/div>\n\t\t\t\t\t<\/div>\n\t\t\t\t<\/div>\n\t\t\t\t<\/div>\n\t\t","protected":false},"excerpt":{"rendered":"<p>The Foundation The International Latsis Foundation supports the best of Swiss Research. The International Latsis Foundation A non-profit institution serving the public good, the Foundation was established in 1975 under the aegis of John S. Latsis in recognition of the welcome he and his family received in Switzerland. It was initially based in Fribourg from [&hellip;]<\/p>\n","protected":false},"author":1,"featured_media":0,"parent":0,"menu_order":0,"comment_status":"closed","ping_status":"closed","template":"elementor_header_footer","meta":{"_acf_changed":false,"footnotes":""},"class_list":["post-1661","page","type-page","status-publish","hentry"],"acf":[],"_links":{"self":[{"href":"https:\/\/fondationlatsis.org\/en\/wp-json\/wp\/v2\/pages\/1661","targetHints":{"allow":["GET"]}}],"collection":[{"href":"https:\/\/fondationlatsis.org\/en\/wp-json\/wp\/v2\/pages"}],"about":[{"href":"https:\/\/fondationlatsis.org\/en\/wp-json\/wp\/v2\/types\/page"}],"author":[{"embeddable":true,"href":"https:\/\/fondationlatsis.org\/en\/wp-json\/wp\/v2\/users\/1"}],"replies":[{"embeddable":true,"href":"https:\/\/fondationlatsis.org\/en\/wp-json\/wp\/v2\/comments?post=1661"}],"version-history":[{"count":0,"href":"https:\/\/fondationlatsis.org\/en\/wp-json\/wp\/v2\/pages\/1661\/revisions"}],"wp:attachment":[{"href":"https:\/\/fondationlatsis.org\/en\/wp-json\/wp\/v2\/media?parent=1661"}],"curies":[{"name":"wp","href":"https:\/\/api.w.org\/{rel}","templated":true}]}}